{"id":1812,"date":"2025-03-16T11:22:27","date_gmt":"2025-03-16T10:22:27","guid":{"rendered":"https:\/\/vivereamare.cz\/produkt\/esperienza-di-vivere-yoga-italiano-data-9-11-maggio-2025\/"},"modified":"2025-03-16T11:22:27","modified_gmt":"2025-03-16T10:22:27","slug":"esperienza-di-vivere-yoga-italiano-data-9-11-maggio-2025","status":"publish","type":"product","link":"https:\/\/vivereamare.cz\/it\/produkt\/esperienza-di-vivere-yoga-italiano-data-9-11-maggio-2025\/","title":{"rendered":"Esperienza di Vivere Yoga italiano (data: 9-11 maggio 2025)"},"content":{"rendered":"<p>Nella splendida cornice del Lago di Garda, ti immergerai in un&#8217;armoniosa combinazione di yoga, arteterapia e mental coaching per aiutarti a rallentare, ricaricarti e aprirti a nuove possibilit\u00e0. Ti aspettano il comfort di un hotel di lusso, una spa, ottimo cibo e la libert\u00e0 di goderti l&#8217;Italia alle tue condizioni. <\/p>\n<h2>COSA \u00c8 INCLUSO?<\/h2>\n<p>\u2705 Programma giornaliero di yoga &#8211; sequenze di stretching e rafforzamento in un ambiente meraviglioso<\/p>\n<p>\u2705 Accesso illimitato alla spa e al benessere &#8211; piscina, sauna, zone relax<\/p>\n<p>\u2705 Lussuosa colazione &#8211; ricco buffet con ingredienti freschi italiani<\/p>\n<p>\u2705 Arteterapia: avrai a disposizione la tua tela, i tuoi pennelli e i tuoi colori per dare sfogo alla tua creativit\u00e0.<\/p>\n<p>\u2705 Mental coaching con Lubo\u0161 Pel\u00e1nek &#8211; ti aprir\u00e0 nuove prospettive di vita e ti aiuter\u00e0 a rafforzare la tua forza interiore<\/p>\n<p>\u2705 Cena italiana la prima sera: assaggerai tapas, pasta fatta in casa, risotto e proverai una degustazione di oli d&#8217;oliva selezionati.<\/p>\n<p>\u2705 Un regalo ricordo, qualcosa di speciale per ricordarti di questo magico weekend<\/p>\n<p>&nbsp;<\/p>\n<h2>SPEDIZIONE<\/h2>\n<p>Ogni partecipante provvede al proprio trasporto:<\/p>\n<p>\u2708 In aereo &#8211; biglietti aerei circa 120 \u20ac + trasferimento dall&#8217;aeroporto 80 \u20ac (solo andata)<\/p>\n<p>\ud83d\ude97 In auto &#8211; circa 7-8 ore dalla Repubblica Ceca<\/p>\n<p>&nbsp;<\/p>\n<h2>PROGRAMMA<\/h2>\n<h3>VENERD\u00cc &#8211; ARRIVO E SINTONIZZAZIONE CON L&#8217;ITALIA<\/h3>\n<p>15:00 &#8211; Check-in e drink di benvenuto<\/p>\n<p>18:00 &#8211; Stretching di yoga dolce per rilassarti dopo il viaggio e per metterti in forma per il tuo soggiorno<\/p>\n<p>20:30 &#8211; Cena italiana insieme &#8211; tapas, pasta fatta in casa, risotto + degustazione di olio d&#8217;oliva<\/p>\n<p>\u2728 Sera: programma libero (passeggiata, benessere, bicchiere di prosecco con vista)<\/p>\n<p>&nbsp;<\/p>\n<h3>SABATO &#8211; AMORE PER SE STESSI ED ESPERIENZA<\/h3>\n<p>08:00 &#8211; Yoga mattutino con vista sul lago<\/p>\n<p>09:00-10:30 &#8211; Ricca colazione all&#8217;italiana<\/p>\n<p>11:30 &#8211; Arteterapia<strong> <\/strong>  &#8211; immergiti nella creazione e scopri i tuoi processi interiori<\/p>\n<p>12:15-18:00 &#8211; Programma libero (possibilit\u00e0 di fare paddleboarding, canottaggio, wellness o passeggiate in citt\u00e0)<\/p>\n<p>18:00 &#8211; Mental coaching con Lubo\u0161 Pel\u00e1nek &#8211; per una nuova mentalit\u00e0 e conoscenza di s\u00e9<\/p>\n<p>19:30 &#8211; Serata libera (benessere, cena, possibilit\u00e0 di visitare il bar della spiaggia per un cocktail in riva al lago)<\/p>\n<p>&nbsp;<\/p>\n<h3>DOMENICA &#8211; ANCORAGGIO E PARTENZA<\/h3>\n<p>08:00 &#8211; Esercizio mattutino &#8211; yoga dolce per connettere il corpo e la mente<\/p>\n<p>09:00-10:30 &#8211; Ultima colazione ricca di sapori italiani<\/p>\n<p>11:00 &#8211; Saluti e riassunto del ritiro<\/p>\n<p>\u2728 Possibilit\u00e0 di prolungare la giornata e di organizzare una tavola da paddle o un&#8217;imbarcazione<\/p>\n","protected":false},"excerpt":{"rendered":"<p>Nella splendida cornice del Lago di Garda, ti immergerai in un&#8217;armoniosa combinazione di yoga, arteterapia e mental coaching per aiutarti a rallentare, ricaricarti e aprirti a nuove possibilit\u00e0. Ti aspettano il comfort di un hotel di lusso, una spa, ottimo cibo e la libert\u00e0 di goderti l&#8217;Italia alle tue condizioni. COSA \u00c8 INCLUSO? \u2705 Programma [&hellip;]<\/p>\n","protected":false},"featured_media":1810,"comment_status":"open","ping_status":"closed","template":"","meta":[],"product_brand":[],"product_cat":[62],"product_tag":[],"class_list":{"0":"post-1812","1":"product","2":"type-product","3":"status-publish","4":"has-post-thumbnail","6":"product_cat-buoni-sconto","8":"first","9":"instock","10":"virtual","11":"purchasable","12":"product-type-simple"},"_links":{"self":[{"href":"https:\/\/vivereamare.cz\/it\/wp-json\/wp\/v2\/product\/1812","targetHints":{"allow":["GET"]}}],"collection":[{"href":"https:\/\/vivereamare.cz\/it\/wp-json\/wp\/v2\/product"}],"about":[{"href":"https:\/\/vivereamare.cz\/it\/wp-json\/wp\/v2\/types\/product"}],"replies":[{"embeddable":true,"href":"https:\/\/vivereamare.cz\/it\/wp-json\/wp\/v2\/comments?post=1812"}],"version-history":[{"count":0,"href":"https:\/\/vivereamare.cz\/it\/wp-json\/wp\/v2\/product\/1812\/revisions"}],"wp:featuredmedia":[{"embeddable":true,"href":"https:\/\/vivereamare.cz\/it\/wp-json\/wp\/v2\/media\/1810"}],"wp:attachment":[{"href":"https:\/\/vivereamare.cz\/it\/wp-json\/wp\/v2\/media?parent=1812"}],"wp:term":[{"taxonomy":"product_brand","embeddable":true,"href":"https:\/\/vivereamare.cz\/it\/wp-json\/wp\/v2\/product_brand?post=1812"},{"taxonomy":"product_cat","embeddable":true,"href":"https:\/\/vivereamare.cz\/it\/wp-json\/wp\/v2\/product_cat?post=1812"},{"taxonomy":"product_tag","embeddable":true,"href":"https:\/\/vivereamare.cz\/it\/wp-json\/wp\/v2\/product_tag?post=1812"}],"curies":[{"name":"wp","href":"https:\/\/api.w.org\/{rel}","templated":true}]}}