{"id":1332,"date":"2024-08-29T13:05:44","date_gmt":"2024-08-29T11:05:44","guid":{"rendered":"https:\/\/vivereamare.cz\/produkt\/top-e-reggiseno-livia\/"},"modified":"2024-09-15T08:35:24","modified_gmt":"2024-09-15T06:35:24","slug":"top-e-reggiseno-livia","status":"publish","type":"product","link":"https:\/\/vivereamare.cz\/it\/produkt\/top-e-reggiseno-livia\/","title":{"rendered":"Top e reggiseno Livia"},"content":{"rendered":"<p><span style=\"font-weight: 400;\">Propriet\u00e0 del materiale:<\/span><\/p>\n<p><span style=\"font-weight: 400;\">I materiali che utilizziamo sono morbidi al tatto e hanno un elegante aspetto opaco.<br \/>\nI nostri prodotti sono realizzati in Econyl, un tessuto bielastico che non \u00e8 solo economicamente sostenibile ma anche di altissima qualit\u00e0.<br \/>\nQuesto materiale garantisce una vestibilit\u00e0 perfetta e un mantenimento della forma a lungo termine, contribuendo al comfort e all&#8217;aspetto estetico dell&#8217;indumento.  <\/span><\/p>\n<p>&nbsp;<\/p>\n<p><span style=\"font-weight: 400;\">Econyl \u00e8 un materiale innovativo realizzato con fibre di nylon rigenerate.<br \/>\nQueste fibre provengono da materiali di scarto come vecchie reti da pesca, rifiuti tessili o tappeti, che vengono riciclati e trasformati in nuovo nylon.<br \/>\nQuesto processo non solo riduce la quantit\u00e0 di rifiuti nelle discariche e negli oceani, ma riduce anche la dipendenza dalle risorse fossili.<br \/>\nIl risultato \u00e8 un tessuto che rispetta l&#8217;ambiente e allo stesso tempo offre prestazioni e durata superiori.<br \/>\nQuesto permette a Econyl di creare capi alla moda che sono eleganti, funzionali e sostenibili.    <\/span><\/p>\n<p><img fetchpriority=\"high\" decoding=\"async\" class=\"alignnone wp-image-1650 \" src=\"https:\/\/vivereamare.cz\/wp-content\/uploads\/2024\/08\/rozmery_top.webp\" alt=\"\" width=\"536\" height=\"402\" srcset=\"https:\/\/vivereamare.cz\/wp-content\/uploads\/2024\/08\/rozmery_top.webp 1024w, https:\/\/vivereamare.cz\/wp-content\/uploads\/2024\/08\/rozmery_top-300x225.webp 300w, https:\/\/vivereamare.cz\/wp-content\/uploads\/2024\/08\/rozmery_top-768x576.webp 768w, https:\/\/vivereamare.cz\/wp-content\/uploads\/2024\/08\/rozmery_top-600x450.webp 600w\" sizes=\"(max-width: 536px) 100vw, 536px\" \/><\/p>\n<p><br style=\"font-weight: 400;\"><br style=\"font-weight: 400;\"><\/p>\n","protected":false},"excerpt":{"rendered":"<p>Scopri la combinazione perfetta di stile, comfort e sostenibilit\u00e0 con il nostro reggiseno sportivo\/top realizzato con l&#8217;innovativo materiale Econyl.<br \/>\nQuesto capo di alta qualit\u00e0 ti fornir\u00e0 il massimo sostegno durante qualsiasi attivit\u00e0 fisica e ti far\u00e0 sentire sicura e a tuo agio per tutto il giorno.   <b>Le modelle indossano:<\/b><\/p>\n<ul>\n<li>Martina (160 cm): taglia S<\/li>\n<li>Adri (177cm): taglia M<\/li>\n<li>Simcha (174 cm): taglia XXL<\/li>\n<\/ul>\n","protected":false},"featured_media":1581,"comment_status":"open","ping_status":"closed","template":"","meta":[],"product_brand":[],"product_cat":[57],"product_tag":[],"class_list":{"0":"post-1332","1":"product","2":"type-product","3":"status-publish","4":"has-post-thumbnail","6":"product_cat-donna","8":"first","9":"instock","10":"shipping-taxable","11":"purchasable","12":"product-type-variable"},"_links":{"self":[{"href":"https:\/\/vivereamare.cz\/it\/wp-json\/wp\/v2\/product\/1332","targetHints":{"allow":["GET"]}}],"collection":[{"href":"https:\/\/vivereamare.cz\/it\/wp-json\/wp\/v2\/product"}],"about":[{"href":"https:\/\/vivereamare.cz\/it\/wp-json\/wp\/v2\/types\/product"}],"replies":[{"embeddable":true,"href":"https:\/\/vivereamare.cz\/it\/wp-json\/wp\/v2\/comments?post=1332"}],"version-history":[{"count":0,"href":"https:\/\/vivereamare.cz\/it\/wp-json\/wp\/v2\/product\/1332\/revisions"}],"wp:featuredmedia":[{"embeddable":true,"href":"https:\/\/vivereamare.cz\/it\/wp-json\/wp\/v2\/media\/1581"}],"wp:attachment":[{"href":"https:\/\/vivereamare.cz\/it\/wp-json\/wp\/v2\/media?parent=1332"}],"wp:term":[{"taxonomy":"product_brand","embeddable":true,"href":"https:\/\/vivereamare.cz\/it\/wp-json\/wp\/v2\/product_brand?post=1332"},{"taxonomy":"product_cat","embeddable":true,"href":"https:\/\/vivereamare.cz\/it\/wp-json\/wp\/v2\/product_cat?post=1332"},{"taxonomy":"product_tag","embeddable":true,"href":"https:\/\/vivereamare.cz\/it\/wp-json\/wp\/v2\/product_tag?post=1332"}],"curies":[{"name":"wp","href":"https:\/\/api.w.org\/{rel}","templated":true}]}}