{"id":1294,"date":"2024-08-29T13:08:37","date_gmt":"2024-08-29T11:08:37","guid":{"rendered":"https:\/\/vivereamare.cz\/produkt\/felpa-sofia\/"},"modified":"2024-09-15T08:15:33","modified_gmt":"2024-09-15T06:15:33","slug":"felpa-sofia","status":"publish","type":"product","link":"https:\/\/vivereamare.cz\/it\/produkt\/felpa-sofia\/","title":{"rendered":"Felpa Sofia"},"content":{"rendered":"<p><b>La<\/b> felpa con cappuccio <b>Sofia<\/b> \u00e8 realizzata con il pregiato tessuto <b>Econyl<\/b>, noto per la sua morbidezza e scorrevolezza al tatto e per l&#8217;elegante aspetto opaco.<br \/>\nIl materiale Econyl \u00e8 unico grazie alla sua produzione sostenibile a partire da fibre di nylon recuperate da rifiuti riciclati come vecchie reti da pesca e scarti tessili.<br \/>\nQuesto processo innovativo non solo riduce al minimo l&#8217;impronta ecologica, ma crea anche un tessuto altamente resistente e durevole che rispetta l&#8217;ambiente.<br \/>\nCon la felpa <b>Sofia<\/b> potrai godere di una vestibilit\u00e0 perfetta che si adatta alla tua figura e garantisce libert\u00e0 di movimento per ogni attivit\u00e0.<br \/>\nGrazie alle sue propriet\u00e0 termoregolatrici, ti terr\u00e0 al caldo nelle giornate pi\u00f9 fredde, mentre la traspirabilit\u00e0 del materiale ti garantir\u00e0 comfort per tutto il giorno.<br \/>\n <b>La<\/b> felpa con cappuccio <b>Sofia<\/b> \u00e8 un ottimo accessorio per gli outfit sportivi e le attivit\u00e0 del tempo libero.<br \/>\nIl design elegante e la vestibilit\u00e0 comoda la rendono un capo versatile che amerai. <b>Caratteristiche principali.<\/b>        <img fetchpriority=\"high\" decoding=\"async\" class=\"alignnone wp-image-1641 \" src=\"https:\/\/vivereamare.cz\/wp-content\/uploads\/2024\/08\/mikina_tabulka.webp\" alt=\"\" width=\"633\" height=\"475\" srcset=\"https:\/\/vivereamare.cz\/wp-content\/uploads\/2024\/08\/mikina_tabulka.webp 1024w, https:\/\/vivereamare.cz\/wp-content\/uploads\/2024\/08\/mikina_tabulka-300x225.webp 300w, https:\/\/vivereamare.cz\/wp-content\/uploads\/2024\/08\/mikina_tabulka-768x576.webp 768w, https:\/\/vivereamare.cz\/wp-content\/uploads\/2024\/08\/mikina_tabulka-600x450.webp 600w\" sizes=\"(max-width: 633px) 100vw, 633px\" \/><\/p>\n","protected":false},"excerpt":{"rendered":"<p>Ti presentiamo la felpa <b>Sofia<\/b>: la combinazione ideale di comfort, stile e sostenibilit\u00e0 per l&#8217;abbigliamento quotidiano e le attivit\u00e0 sportive.<br \/>\nQuesta felpa \u00e8 stata progettata per offrire il massimo comfort senza compromettere il design e la qualit\u00e0.<br \/>\nLa scelta perfetta per ogni donna moderna che apprezza un approccio sostenibile alla moda.  <\/p>\n","protected":false},"featured_media":1550,"comment_status":"open","ping_status":"closed","template":"","meta":[],"product_brand":[],"product_cat":[57],"product_tag":[],"class_list":{"0":"post-1294","1":"product","2":"type-product","3":"status-publish","4":"has-post-thumbnail","6":"product_cat-donna","8":"first","9":"instock","10":"shipping-taxable","11":"purchasable","12":"product-type-variable"},"_links":{"self":[{"href":"https:\/\/vivereamare.cz\/it\/wp-json\/wp\/v2\/product\/1294","targetHints":{"allow":["GET"]}}],"collection":[{"href":"https:\/\/vivereamare.cz\/it\/wp-json\/wp\/v2\/product"}],"about":[{"href":"https:\/\/vivereamare.cz\/it\/wp-json\/wp\/v2\/types\/product"}],"replies":[{"embeddable":true,"href":"https:\/\/vivereamare.cz\/it\/wp-json\/wp\/v2\/comments?post=1294"}],"version-history":[{"count":0,"href":"https:\/\/vivereamare.cz\/it\/wp-json\/wp\/v2\/product\/1294\/revisions"}],"wp:featuredmedia":[{"embeddable":true,"href":"https:\/\/vivereamare.cz\/it\/wp-json\/wp\/v2\/media\/1550"}],"wp:attachment":[{"href":"https:\/\/vivereamare.cz\/it\/wp-json\/wp\/v2\/media?parent=1294"}],"wp:term":[{"taxonomy":"product_brand","embeddable":true,"href":"https:\/\/vivereamare.cz\/it\/wp-json\/wp\/v2\/product_brand?post=1294"},{"taxonomy":"product_cat","embeddable":true,"href":"https:\/\/vivereamare.cz\/it\/wp-json\/wp\/v2\/product_cat?post=1294"},{"taxonomy":"product_tag","embeddable":true,"href":"https:\/\/vivereamare.cz\/it\/wp-json\/wp\/v2\/product_tag?post=1294"}],"curies":[{"name":"wp","href":"https:\/\/api.w.org\/{rel}","templated":true}]}}