{"id":1532,"date":"2024-09-14T07:12:33","date_gmt":"2024-09-14T05:12:33","guid":{"rendered":"https:\/\/vivereamare.cz\/unisciti-a-noi\/"},"modified":"2024-09-14T18:29:08","modified_gmt":"2024-09-14T16:29:08","slug":"unisciti-a-noi","status":"publish","type":"page","link":"https:\/\/vivereamare.cz\/it\/unisciti-a-noi\/","title":{"rendered":"Unisciti a noi"},"content":{"rendered":"\t\t<div data-elementor-type=\"wp-page\" data-elementor-id=\"1532\" class=\"elementor elementor-1532 elementor-1522\" data-elementor-post-type=\"page\">\n\t\t\t\t<div class=\"elementor-element elementor-element-ef003e8 e-flex e-con-boxed e-con e-parent\" data-id=\"ef003e8\" data-element_type=\"container\" data-e-type=\"container\">\n\t\t\t\t\t<div class=\"e-con-inner\">\n\t\t\t\t<div class=\"elementor-element elementor-element-26b232e elementor-widget elementor-widget-heading\" data-id=\"26b232e\" data-element_type=\"widget\" data-e-type=\"widget\" data-widget_type=\"heading.default\">\n\t\t\t\t<div class=\"elementor-widget-container\">\n\t\t\t\t\t<h2 class=\"elementor-heading-title elementor-size-default\">Unisciti a noi<\/h2>\t\t\t\t<\/div>\n\t\t\t\t<\/div>\n\t\t\t\t<div class=\"elementor-element elementor-element-3ebcbff elementor-widget elementor-widget-text-editor\" data-id=\"3ebcbff\" data-element_type=\"widget\" data-e-type=\"widget\" data-widget_type=\"text-editor.default\">\n\t\t\t\t<div class=\"elementor-widget-container\">\n\t\t\t\t\t\t\t\t\t<p>Entra a far parte del nostro team e guadagna promuovendo abbigliamento sportivo di qualit\u00e0.<br \/>\nSe hai un sito web, un blog, un social media o qualsiasi altro canale online, iscriviti al nostro <b>programma di affiliazione<\/b> e guadagna commissioni per ogni ordine che ci porti! <\/p>\n\t\t\t\t\t\t\t\t<\/div>\n\t\t\t\t<\/div>\n\t\t\t\t<div class=\"elementor-element elementor-element-20305ee elementor-widget elementor-widget-shortcode\" data-id=\"20305ee\" data-element_type=\"widget\" data-e-type=\"widget\" data-widget_type=\"shortcode.default\">\n\t\t\t\t<div class=\"elementor-widget-container\">\n\t\t\t\t\t\t\t<div class=\"elementor-shortcode\"><div class=\"woocommerce\">\n\n\t\n\t<div class=\"u-columns col2-set ddwcaf-affiliate-login\" id=\"customer_login\">\n\n\t\t<div class=\"u-column1 col-1\">\n\n\t\t\t<h2>Login<\/h2>\n\n\t\t\t<form class=\"woocommerce-form woocommerce-form-login login\" method=\"post\">\n\n\t\t\t\t\n\t\t\t\t<p class=\"woocommerce-form-row woocommerce-form-row--wide form-row form-row-wide\">\n\t\t\t\t\t<label for=\"username\">Username or email address&nbsp;<span class=\"required\">*<\/span><\/label>\n\t\t\t\t\t<input type=\"text\" class=\"woocommerce-Input woocommerce-Input--text input-text\" name=\"username\" id=\"username\" autocomplete=\"username\" value=\"\" \/>\t\t\t\t<\/p>\n\t\t\t\t<p class=\"woocommerce-form-row woocommerce-form-row--wide form-row form-row-wide\">\n\t\t\t\t\t<label for=\"password\">Password&nbsp;<span class=\"required\">*<\/span><\/label>\n\t\t\t\t\t<input class=\"woocommerce-Input woocommerce-Input--text input-text\" type=\"password\" name=\"password\" id=\"password\" autocomplete=\"current-password\" \/>\n\t\t\t\t<\/p>\n\n\t\t\t\t\n\t\t\t\t<p class=\"form-row\">\n\t\t\t\t\t<label class=\"woocommerce-form__label woocommerce-form__label-for-checkbox woocommerce-form-login__rememberme\">\n\t\t\t\t\t\t<input class=\"woocommerce-form__input woocommerce-form__input-checkbox\" name=\"rememberme\" type=\"checkbox\" id=\"rememberme\" value=\"forever\" \/> <span>Remember me<\/span>\n\t\t\t\t\t<\/label>\n\t\t\t\t\t<input type=\"hidden\" id=\"woocommerce-login-nonce\" name=\"woocommerce-login-nonce\" value=\"7f78c4b13b\" \/><input type=\"hidden\" name=\"_wp_http_referer\" value=\"\/it\/wp-json\/wp\/v2\/pages\/1532\" \/>\t\t\t\t\t<button type=\"submit\" class=\"woocommerce-button button woocommerce-form-login__submit\" name=\"login\" value=\"Log in\">Log in<\/button>\n\t\t\t\t<\/p>\n\t\t\t\t<p class=\"woocommerce-LostPassword lost_password\">\n\t\t\t\t\t<a href=\"https:\/\/vivereamare.cz\/muj-ucet\/lost-password\/\">Lost your password?<\/a>\n\t\t\t\t<\/p>\n\n\t\t\t\t\n\t\t\t<\/form>\n\t\t<\/div>\n\n\t\t\n\t\t<div class=\"u-column2 col-2\">\n\n\t\t\t<h2>Register<\/h2>\n\n\t\t\t<form method=\"post\" class=\"woocommerce-form woocommerce-form-register register\"  >\n\n\t\t\t\t\n\t\t\t\t<p class=\"woocommerce-form-row woocommerce-form-row--wide form-row form-row-wide\">\n\t\t\t\t\t<label for=\"reg_email\">Email address&nbsp;<span class=\"required\">*<\/span><\/label>\n\t\t\t\t\t<input type=\"email\" class=\"woocommerce-Input woocommerce-Input--text input-text\" name=\"email\" id=\"reg_email\" autocomplete=\"email\" value=\"\" \/>\t\t\t\t<\/p>\n\n\t\t\t\t\n\t\t\t\t\t<p>A link to set a new password will be sent to your email address.<\/p>\n\n\t\t\t\t\n\t\t\t\t\t\t\t<input type=\"hidden\" name=\"_ddwcaf_user_role\" value=\"ddwcaf_affiliate\" \/>\n\t\t\t<p class=\"woocommerce-form-row woocommerce-form-row--wide form-row form-row-wide\"><label for=\"first_name\" class=\"\">Jm\u00e9no&nbsp;<abbr class=\"required\" title=\"required\">*<\/abbr><\/label><input type=\"text\" class=\"form-control woocommerce-Input woocommerce-Input--text input-text \" name=\"first_name\" id=\"first_name\" placeholder=\"\"  value=\"\"  \/><\/p><p class=\"woocommerce-form-row woocommerce-form-row--wide form-row form-row-wide\"><label for=\"last_name\" class=\"\">P\u0159\u00edjmen\u00ed&nbsp;<abbr class=\"required\" title=\"required\">*<\/abbr><\/label><input type=\"text\" class=\"form-control woocommerce-Input woocommerce-Input--text input-text \" name=\"last_name\" id=\"last_name\" placeholder=\"\"  value=\"\"  \/><\/p><p class=\"woocommerce-form-row woocommerce-form-row--wide form-row form-row-wide\"><label for=\"website\" class=\"\">WWW&nbsp;<abbr class=\"required\" title=\"required\">*<\/abbr><\/label><input type=\"text\" class=\"form-control woocommerce-Input woocommerce-Input--text input-text \" name=\"website\" id=\"website\" placeholder=\"\"  value=\"\"  \/><\/p><p class=\"woocommerce-form-row woocommerce-form-row--wide form-row form-row-wide\"><label for=\"how_promote\" class=\"\">Jak budete propagovat na\u0161e str\u00e1nky?&nbsp;<abbr class=\"required\" title=\"required\">*<\/abbr><\/label><select name=\"how_promote\" id=\"how_promote\" class=\"form-control woocommerce-Input woocommerce-Input--text input-text \"  data-placeholder=\"\">\n\t\t\t\t\t\t\t<option value=\"0\" >Website\/Blog<\/option><option value=\"1\" >Newsletter\/Email Marketing<\/option><option value=\"2\" >Social Media<\/option><option value=\"3\" >YouTube<\/option><option value=\"4\" >Others<\/option>\n\t\t\t\t\t\t<\/select><\/p><p class=\"woocommerce-form-row woocommerce-form-row--wide form-row form-row-wide\"><label for=\"about_yourself\" class=\"\">Tell us something about you<\/label><textarea name=\"about_yourself\" class=\"form-control woocommerce-Input woocommerce-Input--text input-text \" id=\"about_yourself\" placeholder=\"\"  rows=\"2\" cols=\"5\"><\/textarea><\/p><p class=\"woocommerce-form-row woocommerce-form-row--wide form-row form-row-wide\"><label class=\"checkbox \" ><input type=\"checkbox\" class=\"input-checkbox \" name=\"terms\" id=\"terms\" value=\"1\"  \/> Please read and accept our <a target=\"_blank\" href=\"#\">Terms and Conditions<\/a>&nbsp;<abbr class=\"required\" title=\"required\">*<\/abbr><\/label><\/p>\n\t\t\t\t<p class=\"woocommerce-form-row form-row\">\n\t\t\t\t\t<input type=\"hidden\" id=\"woocommerce-register-nonce\" name=\"woocommerce-register-nonce\" value=\"6e93aff5c9\" \/><input type=\"hidden\" name=\"_wp_http_referer\" value=\"\/it\/wp-json\/wp\/v2\/pages\/1532\" \/>\t\t\t\t\t<button type=\"submit\" class=\"woocommerce-Button woocommerce-button button woocommerce-form-register__submit\" name=\"register\" value=\"Register\">Register<\/button>\n\t\t\t\t<\/p>\n\t\t\t<\/form>\n\t\t<\/div>\n\t<\/div>\n<\/div>\n\t\t\t\t\t\t<\/div>\n\t\t\t\t<\/div>\n\t\t\t\t<div class=\"elementor-element elementor-element-2ee6580 elementor-widget elementor-widget-toggle\" data-id=\"2ee6580\" data-element_type=\"widget\" data-e-type=\"widget\" data-widget_type=\"toggle.default\">\n\t\t\t\t<div class=\"elementor-widget-container\">\n\t\t\t\t\t\t\t<div class=\"elementor-toggle\">\n\t\t\t\t\t\t\t<div class=\"elementor-toggle-item\">\n\t\t\t\t\t<div id=\"elementor-tab-title-4911\" class=\"elementor-tab-title\" data-tab=\"1\" role=\"button\" aria-controls=\"elementor-tab-content-4911\" aria-expanded=\"false\">\n\t\t\t\t\t\t\t\t\t\t\t\t<span class=\"elementor-toggle-icon elementor-toggle-icon-left\" aria-hidden=\"true\">\n\t\t\t\t\t\t\t\t\t\t\t\t\t\t\t<span class=\"elementor-toggle-icon-closed\"><svg class=\"e-font-icon-svg e-fas-caret-right\" viewBox=\"0 0 192 512\" xmlns=\"http:\/\/www.w3.org\/2000\/svg\"><path d=\"M0 384.662V127.338c0-17.818 21.543-26.741 34.142-14.142l128.662 128.662c7.81 7.81 7.81 20.474 0 28.284L34.142 398.804C21.543 411.404 0 402.48 0 384.662z\"><\/path><\/svg><\/span>\n\t\t\t\t\t\t\t\t<span class=\"elementor-toggle-icon-opened\"><svg class=\"elementor-toggle-icon-opened e-font-icon-svg e-fas-caret-up\" viewBox=\"0 0 320 512\" xmlns=\"http:\/\/www.w3.org\/2000\/svg\"><path d=\"M288.662 352H31.338c-17.818 0-26.741-21.543-14.142-34.142l128.662-128.662c7.81-7.81 20.474-7.81 28.284 0l128.662 128.662c12.6 12.599 3.676 34.142-14.142 34.142z\"><\/path><\/svg><\/span>\n\t\t\t\t\t\t\t\t\t\t\t\t\t<\/span>\n\t\t\t\t\t\t\t\t\t\t\t\t<a class=\"elementor-toggle-title\" tabindex=\"0\">Perch\u00e9 diventare nostro partner?<\/a>\n\t\t\t\t\t<\/div>\n\n\t\t\t\t\t<div id=\"elementor-tab-content-4911\" class=\"elementor-tab-content elementor-clearfix\" data-tab=\"1\" role=\"region\" aria-labelledby=\"elementor-tab-title-4911\"><p>Commissioni interessanti &#8211; Guadagna fino all&#8217;X% di ogni ordine completato che porti a casa attraverso il tuo link di affiliazione.<\/p>\n<p>Abbigliamento sportivo di qualit\u00e0 &#8211; Offriamo un&#8217;ampia selezione di abbigliamento per una variet\u00e0 di sport e attivit\u00e0 all&#8217;aperto che i clienti amano.<\/p>\n<p>Facile da gestire e monitorare &#8211; Grazie alla nostra piattaforma avanzata, puoi monitorare facilmente i tuoi risultati, le visualizzazioni e le commissioni.<\/p>\n<p>Materiale promozionale e di marketing &#8211; Ti forniremo banner, immagini dei prodotti e altro materiale promozionale in modo che tu possa iniziare a guadagnare facilmente.<\/p>\n<\/div>\n\t\t\t\t<\/div>\n\t\t\t\t\t\t\t<div class=\"elementor-toggle-item\">\n\t\t\t\t\t<div id=\"elementor-tab-title-4912\" class=\"elementor-tab-title\" data-tab=\"2\" role=\"button\" aria-controls=\"elementor-tab-content-4912\" aria-expanded=\"false\">\n\t\t\t\t\t\t\t\t\t\t\t\t<span class=\"elementor-toggle-icon elementor-toggle-icon-left\" aria-hidden=\"true\">\n\t\t\t\t\t\t\t\t\t\t\t\t\t\t\t<span class=\"elementor-toggle-icon-closed\"><svg class=\"e-font-icon-svg e-fas-caret-right\" viewBox=\"0 0 192 512\" xmlns=\"http:\/\/www.w3.org\/2000\/svg\"><path d=\"M0 384.662V127.338c0-17.818 21.543-26.741 34.142-14.142l128.662 128.662c7.81 7.81 7.81 20.474 0 28.284L34.142 398.804C21.543 411.404 0 402.48 0 384.662z\"><\/path><\/svg><\/span>\n\t\t\t\t\t\t\t\t<span class=\"elementor-toggle-icon-opened\"><svg class=\"elementor-toggle-icon-opened e-font-icon-svg e-fas-caret-up\" viewBox=\"0 0 320 512\" xmlns=\"http:\/\/www.w3.org\/2000\/svg\"><path d=\"M288.662 352H31.338c-17.818 0-26.741-21.543-14.142-34.142l128.662-128.662c7.81-7.81 20.474-7.81 28.284 0l128.662 128.662c12.6 12.599 3.676 34.142-14.142 34.142z\"><\/path><\/svg><\/span>\n\t\t\t\t\t\t\t\t\t\t\t\t\t<\/span>\n\t\t\t\t\t\t\t\t\t\t\t\t<a class=\"elementor-toggle-title\" tabindex=\"0\">Come funziona?<\/a>\n\t\t\t\t\t<\/div>\n\n\t\t\t\t\t<div id=\"elementor-tab-content-4912\" class=\"elementor-tab-content elementor-clearfix\" data-tab=\"2\" role=\"region\" aria-labelledby=\"elementor-tab-title-4912\"><p>1. Iscriviti al programma &#8211; Compila il modulo di registrazione qui sotto per accedere al tuo account affiliato.<\/p>\n<p>2. Condividi link unici &#8211; Una volta approvato, riceverai il tuo link di affiliazione personale da inserire sul tuo sito web, blog o social media.<\/p>\n<p>3. Traccia i risultati e guadagna &#8211; Guadagna commissioni su ogni ordine che un cliente completa attraverso il tuo link.<\/p>\n<\/div>\n\t\t\t\t<\/div>\n\t\t\t\t\t\t\t<div class=\"elementor-toggle-item\">\n\t\t\t\t\t<div id=\"elementor-tab-title-4913\" class=\"elementor-tab-title\" data-tab=\"3\" role=\"button\" aria-controls=\"elementor-tab-content-4913\" aria-expanded=\"false\">\n\t\t\t\t\t\t\t\t\t\t\t\t<span class=\"elementor-toggle-icon elementor-toggle-icon-left\" aria-hidden=\"true\">\n\t\t\t\t\t\t\t\t\t\t\t\t\t\t\t<span class=\"elementor-toggle-icon-closed\"><svg class=\"e-font-icon-svg e-fas-caret-right\" viewBox=\"0 0 192 512\" xmlns=\"http:\/\/www.w3.org\/2000\/svg\"><path d=\"M0 384.662V127.338c0-17.818 21.543-26.741 34.142-14.142l128.662 128.662c7.81 7.81 7.81 20.474 0 28.284L34.142 398.804C21.543 411.404 0 402.48 0 384.662z\"><\/path><\/svg><\/span>\n\t\t\t\t\t\t\t\t<span class=\"elementor-toggle-icon-opened\"><svg class=\"elementor-toggle-icon-opened e-font-icon-svg e-fas-caret-up\" viewBox=\"0 0 320 512\" xmlns=\"http:\/\/www.w3.org\/2000\/svg\"><path d=\"M288.662 352H31.338c-17.818 0-26.741-21.543-14.142-34.142l128.662-128.662c7.81-7.81 20.474-7.81 28.284 0l128.662 128.662c12.6 12.599 3.676 34.142-14.142 34.142z\"><\/path><\/svg><\/span>\n\t\t\t\t\t\t\t\t\t\t\t\t\t<\/span>\n\t\t\t\t\t\t\t\t\t\t\t\t<a class=\"elementor-toggle-title\" tabindex=\"0\">Come iscriversi?<\/a>\n\t\t\t\t\t<\/div>\n\n\t\t\t\t\t<div id=\"elementor-tab-content-4913\" class=\"elementor-tab-content elementor-clearfix\" data-tab=\"3\" role=\"region\" aria-labelledby=\"elementor-tab-title-4913\"><p>1. Completa il semplice <b>modulo di registrazione<\/b> qui sotto.<\/p>\n<p>2. Dopo l&#8217;approvazione, riceverai un&#8217;e-mail con ulteriori informazioni e l&#8217;accesso al tuo conto affiliato.<\/p>\n<\/div>\n\t\t\t\t<\/div>\n\t\t\t\t\t\t\t<div class=\"elementor-toggle-item\">\n\t\t\t\t\t<div id=\"elementor-tab-title-4914\" class=\"elementor-tab-title\" data-tab=\"4\" role=\"button\" aria-controls=\"elementor-tab-content-4914\" aria-expanded=\"false\">\n\t\t\t\t\t\t\t\t\t\t\t\t<span class=\"elementor-toggle-icon elementor-toggle-icon-left\" aria-hidden=\"true\">\n\t\t\t\t\t\t\t\t\t\t\t\t\t\t\t<span class=\"elementor-toggle-icon-closed\"><svg class=\"e-font-icon-svg e-fas-caret-right\" viewBox=\"0 0 192 512\" xmlns=\"http:\/\/www.w3.org\/2000\/svg\"><path d=\"M0 384.662V127.338c0-17.818 21.543-26.741 34.142-14.142l128.662 128.662c7.81 7.81 7.81 20.474 0 28.284L34.142 398.804C21.543 411.404 0 402.48 0 384.662z\"><\/path><\/svg><\/span>\n\t\t\t\t\t\t\t\t<span class=\"elementor-toggle-icon-opened\"><svg class=\"elementor-toggle-icon-opened e-font-icon-svg e-fas-caret-up\" viewBox=\"0 0 320 512\" xmlns=\"http:\/\/www.w3.org\/2000\/svg\"><path d=\"M288.662 352H31.338c-17.818 0-26.741-21.543-14.142-34.142l128.662-128.662c7.81-7.81 20.474-7.81 28.284 0l128.662 128.662c12.6 12.599 3.676 34.142-14.142 34.142z\"><\/path><\/svg><\/span>\n\t\t\t\t\t\t\t\t\t\t\t\t\t<\/span>\n\t\t\t\t\t\t\t\t\t\t\t\t<a class=\"elementor-toggle-title\" tabindex=\"0\">Domande frequenti (FAQ)<\/a>\n\t\t\t\t\t<\/div>\n\n\t\t\t\t\t<div id=\"elementor-tab-content-4914\" class=\"elementor-tab-content elementor-clearfix\" data-tab=\"4\" role=\"region\" aria-labelledby=\"elementor-tab-title-4914\"><p><b>Come posso monitorare i miei risultati?<\/b><\/p>\n<p>Dopo la registrazione, avrai accesso a una chiara dashboard dove potrai vedere le statistiche sui clic, le conversioni e le tue commissioni.<\/p>\n<p><b>Quanto \u00e8 alta la commissione?<\/b><\/p>\n<p>Offriamo una commissione fino al X% di ogni ordine effettuato.<br \/>\nPer maggiori dettagli, consulta il tuo account dopo l&#8217;approvazione. <\/p>\n<p><b>Come avviene il pagamento?<\/b><\/p>\n<p>Le commissioni vengono pagate mensilmente sul tuo conto bancario o su PayPal una volta raggiunto il limite minimo di pagamento di X CZK\/\u20ac.<\/p>\n<p>Questi testi sono pensati per essere chiari, informativi e motivanti.<br \/>\nPuoi personalizzarli in base alle condizioni specifiche del tuo programma di affiliazione, come gli importi delle commissioni, i metodi di pagamento e altri dettagli. <\/p>\n<\/div>\n\t\t\t\t<\/div>\n\t\t\t\t\t\t\t\t\t\t<script type=\"application\/ld+json\">{\"@context\":\"https:\\\/\\\/schema.org\",\"@type\":\"FAQPage\",\"mainEntity\":[{\"@type\":\"Question\",\"name\":\"Perch\\u00e9 diventare nostro partner?\",\"acceptedAnswer\":{\"@type\":\"Answer\",\"text\":\"<p>Commissioni interessanti &#8211; Guadagna fino all&#8217;X% di ogni ordine completato che porti a casa attraverso il tuo link di affiliazione.<\\\/p>\\n<p>Abbigliamento sportivo di qualit\\u00e0 &#8211; Offriamo un&#8217;ampia selezione di abbigliamento per una variet\\u00e0 di sport e attivit\\u00e0 all&#8217;aperto che i clienti amano.<\\\/p>\\n<p>Facile da gestire e monitorare &#8211; Grazie alla nostra piattaforma avanzata, puoi monitorare facilmente i tuoi risultati, le visualizzazioni e le commissioni.<\\\/p>\\n<p>Materiale promozionale e di marketing &#8211; Ti forniremo banner, immagini dei prodotti e altro materiale promozionale in modo che tu possa iniziare a guadagnare facilmente.<\\\/p>\\n\"}},{\"@type\":\"Question\",\"name\":\"Come funziona?\",\"acceptedAnswer\":{\"@type\":\"Answer\",\"text\":\"<p>1. Iscriviti al programma &#8211; Compila il modulo di registrazione qui sotto per accedere al tuo account affiliato.<\\\/p>\\n<p>2. Condividi link unici &#8211; Una volta approvato, riceverai il tuo link di affiliazione personale da inserire sul tuo sito web, blog o social media.<\\\/p>\\n<p>3. Traccia i risultati e guadagna &#8211; Guadagna commissioni su ogni ordine che un cliente completa attraverso il tuo link.<\\\/p>\\n\"}},{\"@type\":\"Question\",\"name\":\"Come iscriversi?\",\"acceptedAnswer\":{\"@type\":\"Answer\",\"text\":\"<p>1. Completa il semplice <b>modulo di registrazione<\\\/b> qui sotto.<\\\/p>\\n<p>2. Dopo l&#8217;approvazione, riceverai un&#8217;e-mail con ulteriori informazioni e l&#8217;accesso al tuo conto affiliato.<\\\/p>\\n\"}},{\"@type\":\"Question\",\"name\":\"Domande frequenti (FAQ)\",\"acceptedAnswer\":{\"@type\":\"Answer\",\"text\":\"<p><b>Come posso monitorare i miei risultati?<\\\/b><\\\/p>\\n<p>Dopo la registrazione, avrai accesso a una chiara dashboard dove potrai vedere le statistiche sui clic, le conversioni e le tue commissioni.<\\\/p>\\n<p><b>Quanto \\u00e8 alta la commissione?<\\\/b><\\\/p>\\n<p>Offriamo una commissione fino al X% di ogni ordine effettuato.<br \\\/>\\nPer maggiori dettagli, consulta il tuo account dopo l&#8217;approvazione. <\\\/p>\\n<p><b>Come avviene il pagamento?<\\\/b><\\\/p>\\n<p>Le commissioni vengono pagate mensilmente sul tuo conto bancario o su PayPal una volta raggiunto il limite minimo di pagamento di X CZK\\\/\\u20ac.<\\\/p>\\n<p>Questi testi sono pensati per essere chiari, informativi e motivanti.<br \\\/>\\nPuoi personalizzarli in base alle condizioni specifiche del tuo programma di affiliazione, come gli importi delle commissioni, i metodi di pagamento e altri dettagli. <\\\/p>\\n\"}}]}<\/script>\n\t\t\t\t\t<\/div>\n\t\t\t\t\t\t<\/div>\n\t\t\t\t<\/div>\n\t\t\t\t\t<\/div>\n\t\t\t\t<\/div>\n\t\t\t\t<\/div>\n\t\t","protected":false},"excerpt":{"rendered":"<p>Entra a far parte del nostro team e guadagna promuovendo abbigliamento sportivo di qualit\u00e0. Se hai un sito web, un blog, un social media o qualsiasi altro canale online, iscriviti al nostro programma di affiliazione e guadagna commissioni per ogni ordine che ci porti! Perch\u00e9 diventare nostro partner? Commissioni interessanti &#8211; Guadagna fino all&#8217;X% di [&hellip;]<\/p>\n","protected":false},"author":2,"featured_media":0,"parent":0,"menu_order":0,"comment_status":"closed","ping_status":"closed","template":"","meta":{"footnotes":""},"class_list":["post-1532","page","type-page","status-publish","hentry"],"_links":{"self":[{"href":"https:\/\/vivereamare.cz\/it\/wp-json\/wp\/v2\/pages\/1532","targetHints":{"allow":["GET"]}}],"collection":[{"href":"https:\/\/vivereamare.cz\/it\/wp-json\/wp\/v2\/pages"}],"about":[{"href":"https:\/\/vivereamare.cz\/it\/wp-json\/wp\/v2\/types\/page"}],"author":[{"embeddable":true,"href":"https:\/\/vivereamare.cz\/it\/wp-json\/wp\/v2\/users\/2"}],"replies":[{"embeddable":true,"href":"https:\/\/vivereamare.cz\/it\/wp-json\/wp\/v2\/comments?post=1532"}],"version-history":[{"count":8,"href":"https:\/\/vivereamare.cz\/it\/wp-json\/wp\/v2\/pages\/1532\/revisions"}],"predecessor-version":[{"id":1638,"href":"https:\/\/vivereamare.cz\/it\/wp-json\/wp\/v2\/pages\/1532\/revisions\/1638"}],"wp:attachment":[{"href":"https:\/\/vivereamare.cz\/it\/wp-json\/wp\/v2\/media?parent=1532"}],"curies":[{"name":"wp","href":"https:\/\/api.w.org\/{rel}","templated":true}]}}