{"id":1274,"date":"2024-08-04T13:07:11","date_gmt":"2024-08-04T11:07:11","guid":{"rendered":"https:\/\/vivereamare.cz\/informativa-sulla-privacy\/"},"modified":"2024-09-04T16:38:57","modified_gmt":"2024-09-04T14:38:57","slug":"informativa-sulla-privacy","status":"publish","type":"page","link":"https:\/\/vivereamare.cz\/it\/informativa-sulla-privacy\/","title":{"rendered":"Informativa sulla privacy"},"content":{"rendered":"\t\t<div data-elementor-type=\"wp-page\" data-elementor-id=\"1274\" class=\"elementor elementor-1274 elementor-3\" data-elementor-post-type=\"page\">\n\t\t\t\t<div class=\"elementor-element elementor-element-401ea6e e-flex e-con-boxed e-con e-parent\" data-id=\"401ea6e\" data-element_type=\"container\" data-e-type=\"container\" data-settings=\"{&quot;background_background&quot;:&quot;classic&quot;}\">\n\t\t\t\t\t<div class=\"e-con-inner\">\n\t\t\t\t<div class=\"elementor-element elementor-element-92c32f5 elementor-widget elementor-widget-heading\" data-id=\"92c32f5\" data-element_type=\"widget\" data-e-type=\"widget\" data-widget_type=\"heading.default\">\n\t\t\t\t<div class=\"elementor-widget-container\">\n\t\t\t\t\t<h2 class=\"elementor-heading-title elementor-size-default\">Principi di trattamento dei dati personali<\/h2>\t\t\t\t<\/div>\n\t\t\t\t<\/div>\n\t\t\t\t\t<\/div>\n\t\t\t\t<\/div>\n\t\t<div class=\"elementor-element elementor-element-1fc7c5c5 e-flex e-con-boxed e-con e-parent\" data-id=\"1fc7c5c5\" data-element_type=\"container\" data-e-type=\"container\">\n\t\t\t\t\t<div class=\"e-con-inner\">\n\t\t\t\t<div class=\"elementor-element elementor-element-6a0858c9 elementor-widget elementor-widget-text-editor\" data-id=\"6a0858c9\" data-element_type=\"widget\" data-e-type=\"widget\" data-widget_type=\"text-editor.default\">\n\t\t\t\t<div class=\"elementor-widget-container\">\n\t\t\t\t\t\t\t\t\t<div class=\"col-lg-12\">\n<div class=\"section-header\">\n<p><strong>1. Disposizioni generali<\/strong><\/p>\n<p>La presente Informativa sul trattamento dei dati personali (di seguito denominata<strong>&#8220;Informativa sul trattamento dei dati personali<\/strong>&#8220;) \u00e8 stata emessa da il&#8217;Vivere s.r.o., con sede legale in Kurzova 2222\/16, Stod\u016flky, 155 00 Praga 5, ID No.: 21256314, iscritta al Registro delle Imprese tenuto dal Tribunale Municipale di Praga, File No. C 398443 (di seguito denominata<strong>&#8220;Azienda<\/strong>&#8220;). I presenti T&amp;C descrivono le modalit\u00e0 con cui la Societ\u00e0 raccoglie, elabora e condivide le informazioni degli utenti (di seguito<strong>&#8220;Utente<\/strong>&#8220;) del sito web <a href=\"https:\/\/vivereamare.cz\/it\/\">https:\/\/vivereamare.cz\/,<\/a> nonch\u00e9 dei clienti (di seguito<strong>&#8220;Cliente<\/strong>&#8220;) che utilizzano i suoi servizi.<\/p>\n<\/div>\n<p>L&#8217;Azienda \u00e8 sia il responsabile del trattamento che l&#8217;incaricato del trattamento dei dati personali dei clienti che li forniscono al momento dell&#8217;ordine dei servizi; l&#8217;Azienda pu\u00f2 avvalersi di altri incaricati del trattamento elencati di seguito per il trattamento dei dati personali.<\/p>\n<p>Ti invitiamo a leggere l&#8217;intera ZZOZ e ad assicurarti di aver compreso appieno le informazioni fornite.\nIn caso di domande sui presenti TOS o sulla raccolta, l&#8217;elaborazione e la condivisione dei dati personali da parte della Societ\u00e0, ti invitiamo a contattarci all&#8217;indirizzo <a href=\"mailto:info@vivereamare.cz\">info@vivereamare.cz.<\/a> <\/p>\n<p> <\/p>\n<\/div>\n<div class=\"col-lg-12\">\n<div class=\"section-header\">\n<p><strong>2. Quali dati verranno elaborati<\/strong><\/p>\n<\/div>\n<p>L&#8217;azienda elabora i dati raccolti attraverso l&#8217;uso del sito web e dei cookie.\nAl fine di indirizzare meglio le campagne pubblicitarie e migliorare il sito web, la Societ\u00e0 utilizza informazioni sull&#8217;utente e sulle pagine visualizzate, o sui link cliccati e su altre attivit\u00e0 del sito web, come la compilazione di moduli d&#8217;ordine e di contatto.\nQuesti dati vengono raccolti automaticamente attraverso gli strumenti della Societ\u00e0 e quelli dei responsabili del trattamento dei dati elencati di seguito.\nSe l&#8217;utente ha abilitato la memorizzazione dei cookie sul proprio dispositivo, questi dati vengono raccolti anche attraverso questi file.   <\/p>\n<p>L&#8217;azienda tratta principalmente i dati forniti dall&#8217;utente nel modulo di contatto o nell&#8217;ordine.\nAlcuni dati personali sono necessari per la compilazione del modulo (nome e indirizzo e-mail) e servono per l&#8217;identificazione di base dell&#8217;utente.\nI dati trattati dalla Societ\u00e0 possono essere i seguenti:  <\/p>\n<ul>\n<li>Nome e cognome o nome dell&#8217;azienda;<\/li>\n<li>Numero di identificazione aziendale (BIN);<\/li>\n<li>Numero di identificazione fiscale (TIN);<\/li>\n<li>Altre informazioni necessarie per la conclusione e l&#8217;esecuzione del rapporto contrattuale, come ad esempio:<br>\n<ul>\n<li>Indirizzo permanente;<\/li>\n<li>Indirizzo di corrispondenza;<\/li>\n<li>Indirizzo di posta elettronica (e-mail);<\/li>\n<li>Numero di telefono.<\/li>\n<\/ul>\n<\/li>\n<\/ul>  La Societ\u00e0 non raccoglie consapevolmente informazioni da persone di et\u00e0 inferiore ai 18 anni e i minori di 18 anni non possono utilizzare i suoi servizi.\nSe l&#8217;utente viene a conoscenza del fatto che una persona di et\u00e0 inferiore ai 18 anni ci ha fornito informazioni personali in violazione delle presenti CDU, pu\u00f2 comunicarlo all&#8217;indirizzo <a href=\"mailto:info@vivereamare.cz\">info@vivereamare.cz.<\/a> <\/div>\n<div> <\/div>\n<div class=\"col-lg-12\">\n<div class=\"section-header\">\n<p><strong>3. Per quali finalit\u00e0 verranno utilizzati i dati personali<\/strong><\/p>\n<\/div>\n<p>La Societ\u00e0 tratta sempre i dati personali esclusivamente per le finalit\u00e0 per cui sono stati raccolti, sulla base di un interesse legittimo, di un obbligo legale o del consenso.\nTrattiamo i dati personali per vari scopi, in particolare: <\/p>\n<ul>\n<li>l&#8217;evasione e l&#8217;esecuzione degli ordini;<\/li>\n<li>adempimento di obblighi legali in materia di contabilit\u00e0, fiscalit\u00e0, o come richiesto da altre leggi e regolamenti applicabili, o come richiesto da qualsiasi procedura legale o autorit\u00e0 amministrativa;<\/li>\n<li>comunicazione con i clienti, compreso l&#8217;invio di informazioni su servizi e prodotti attuali, l&#8217;aggiornamento dei termini e delle condizioni e per scopi promozionali e di marketing;<\/li>\n<li>inviare una risposta a una richiesta di un utente del sito web;<\/li>\n<li>rispondere a un&#8217;offerta di lavoro specifica;<\/li>\n<li>analisi del traffico del sito web per migliorare i servizi e le offerte;<\/li>\n<li>marketing tramite contatto elettronico;<\/li>\n<li>per l&#8217;elaborazione delle transazioni e il rilevamento delle frodi;<\/li>\n<li>individuare i potenziali clienti attraverso la pubblicit\u00e0 online.\nPer indirizzare meglio la pubblicit\u00e0 e ottimizzare il sito web, la Societ\u00e0 utilizza informazioni sull&#8217;attivit\u00e0 degli utenti sul sito web.\nQueste informazioni includono i dati raccolti attraverso l&#8217;uso dei cookie.  <\/li>\n<\/ul>\n<p> <\/p>\n<\/div>\n<div class=\"col-lg-12\">\n<div class=\"section-header\">\n<p><strong>4. Processori che hanno accesso ai dati<\/strong><\/p>\n<\/div>\n<p>I dati personali sono trattati principalmente dalla Societ\u00e0 e dai suoi dipendenti che sono vincolati dall&#8217;obbligo di riservatezza, nonch\u00e9 dai fornitori dei servizi della Societ\u00e0 qualora siano trattati in relazione all&#8217;esecuzione e alla realizzazione di contratti e ordini (ad esempio, avvocati).<\/p>\n<p>La Societ\u00e0 pu\u00f2 inoltre avvalersi, per il trattamento dei dati personali, dei cosiddetti.\nincaricati del trattamento.\nQuesti soggetti possono trattare i dati personali solo per le finalit\u00e0 e con le modalit\u00e0 indicate dalla Societ\u00e0 e non possono diffonderli senza un ulteriore consenso.\nTrasmettiamo agli incaricati del trattamento solo i dati di cui hanno necessariamente bisogno per fornire i loro servizi.\nLa Societ\u00e0 utilizza come responsabili del trattamento i seguenti soggetti:    <\/p>\n<ul>\n<li>Google LLC (strumenti di analisi web e di marketing online);<\/li>\n<li>Facebook Ireland Ltd. (strumenti di marketing online);<\/li>\n<li>Seznam.cz, a.s. (strumenti per il marketing online).<\/li>\n<li>In casi giustificati, la Societ\u00e0 pu\u00f2 trasferire i dati personali ad altri soggetti (responsabili del trattamento).<\/li>\n<\/ul>\n<p>I dati personali possono essere trasferiti a questi responsabili del trattamento:<\/p>\n<ul>\n<li>i responsabili del trattamento che elaborano i dati personali secondo le istruzioni della Societ\u00e0 nell&#8217;ambito delle relazioni pubbliche, della gestione elettronica dei dati o della contabilit\u00e0;<\/li>\n<li>autorit\u00e0 pubbliche e altri enti se richiesto dalla legge;<\/li>\n<li>altre entit\u00e0 nel caso di un evento imprevisto in cui la divulgazione sia necessaria per proteggere la vita, la salute, la propriet\u00e0 o altri interessi pubblici o sia necessaria per proteggere i nostri diritti, la nostra propriet\u00e0 o la nostra sicurezza.<\/li>\n<\/ul>\n<\/div>\n<div class=\"col-lg-12\">\n<div class=\"section-header\">\n<p> <\/p>\n<p><strong>5. Il periodo per il quale i dati saranno conservati<\/strong><\/p>\n<\/div>\n<p>I dati personali per le finalit\u00e0 di cui al punto 2.\nIl trattamento dei dati personali per le finalit\u00e0 di cui al punto 2.1 \u00e8 effettuato nella misura necessaria all&#8217;adempimento di tali finalit\u00e0 e per il periodo necessario al loro raggiungimento o per il periodo direttamente previsto dalla legge.\nSuccessivamente, i dati personali saranno cancellati o resi anonimi.  <\/p>\n<p>Dopo questo periodo, i dati personali possono essere conservati solo per gli scopi del Servizio Statistico Nazionale, per scopi scientifici e per scopi di archiviazione.<\/p>\n<p>I termini fondamentali per il trattamento dei dati personali sono disponibili di seguito.<\/p>\n<p>L&#8217;azienda tratta i dati personali dei clienti registrati fino alla cancellazione della loro registrazione.\nI dati di contatto dei clienti vengono elaborati per la durata del rapporto commerciale o fino a quando il cliente non aggiorna i dati. <\/p>\n<p>Nel caso di clienti di servizi, la Societ\u00e0 ha il diritto di trattare i loro dati personali di base, di identificazione, di contatto, di servizio e di comunicazione con la Societ\u00e0 per un periodo di 10 anni dalla data di cessazione dell&#8217;ultimo contratto.<\/p>\n<p>Le fatture emesse dalla Societ\u00e0 vengono archiviate per 10 anni dalla data di emissione in conformit\u00e0 alla Sezione 35 della Legge n. 235\/2004 Coll. sull&#8217;imposta sul valore aggiunto. A causa della necessit\u00e0 di dimostrare la ragione legale dell&#8217;emissione delle fatture, anche i contratti vengono archiviati per 10 anni dalla data di risoluzione del contratto.<\/p>\n<p>I dati raccolti per finalit\u00e0 di marketing sono trattati per l&#8217;intera durata del consenso, ossia per tutto il tempo in cui l&#8217;utente ne consente la memorizzazione nelle impostazioni dei cookie sul sito web o nel suo browser.\nIl trattamento pu\u00f2 continuare anche dopo la revoca del consenso, al pi\u00f9 tardi fino alla scadenza del relativo tipo di cookie. <\/p>\n<p>Le comunicazioni commerciali e di marketing tramite contatto elettronico vengono inviate fino alla revoca del consenso o fino alla cancellazione dell&#8217;iscrizione.<\/p>\n<\/div>\n<div class=\"col-lg-12\">\n<div class=\"section-header\">\n<p> <\/p>\n<p><strong>6. Ritiro del consenso<\/strong><\/p>\n<\/div>\n<p>I clienti possono annullare l&#8217;iscrizione a qualsiasi comunicazione commerciale e di marketing in qualsiasi momento, compresi:<\/p>\n<ul>\n<li>cliccando sull&#8217;apposito link nel footer di ogni comunicazione commerciale;<\/li>\n<li>sul sito web dedicato;<\/li>\n<li>inviando una richiesta ai recapiti sopra indicati.<\/li>\n<\/ul>  L&#8217;utente pu\u00f2 disabilitare il targeting pubblicitario (cookie) modificandolo direttamente nel suo browser.\nSe si disabilita la memorizzazione dei cookie selezionati, alcune parti del sito web potrebbero non funzionare correttamente. <\/div>\n<div class=\"col-lg-12\">\n<div class=\"section-header\">\n<p> <\/p>\n<p><strong>7. Modalit\u00e0 di elaborazione e conservazione dei dati personali<\/strong><\/p>\n<\/div>\n<p>Il trattamento dei dati personali viene effettuato manualmente e automaticamente in sistemi informativi elettronici, in forma elettronica o cartacea, sempre con un&#8217;elevata sicurezza tecnica, organizzativa e personale, in conformit\u00e0 ai requisiti delle norme giuridiche generalmente vincolanti.<\/p>\n<p>Tutte le persone che entrano in contatto con i dati personali nella loro posizione lavorativa (o nell&#8217;ambito dei loro obblighi contrattuali) sono formate e vincolate all&#8217;obbligo di riservatezza.<\/p>\n<\/div>\n<div class=\"col-lg-12\">\n<div class=\"section-header\">\n<p> <\/p>\n<p><strong>8. Diritti dell&#8217;interessato<\/strong><\/p>\n<\/div>\n<p>L&#8217;interessato avr\u00e0 i seguenti diritti se \u00e8 una persona fisica o giuridica identificabile e dimostra la propria identit\u00e0:<\/p>\n<ul>\n<li>Diritto di accesso ai dati personali<\/li>\n<\/ul>\n<p>Ai sensi dell&#8217;Art.\n15 GDPR, l&#8217;interessato ha il diritto di accedere ai dati personali, che include il diritto di ottenere dalla Societ\u00e0: <\/p>\n<ul>\n<li>confermare l&#8217;eventuale trattamento dei suoi dati personali;<\/li>\n<li>informazioni sulle finalit\u00e0 del trattamento, sulle categorie di dati personali interessati, sui destinatari a cui i dati personali sono stati o saranno comunicati, sulla durata prevista del trattamento, sull&#8217;esistenza del diritto di chiedere al responsabile del trattamento di rettificare o cancellare i dati personali relativi all&#8217;interessato o di limitare o opporsi al trattamento, sul diritto di proporre reclamo a un&#8217;autorit\u00e0 di controllo, su qualsiasi informazione disponibile sull&#8217;origine dei dati personali se non ottenuta dall&#8217;interessato, sul fatto che viene effettuato un processo decisionale automatizzato, compresa la profilazione, sulle garanzie appropriate in caso di trasferimento dei dati al di fuori dell&#8217;UE;<\/li>\n<li>se i diritti e le libert\u00e0 degli altri non saranno lesi, una copia dei dati personali.<\/li>\n<\/ul>  In caso di richieste ripetute, la Societ\u00e0 avr\u00e0 il diritto di addebitare un costo ragionevole per una copia dei Dati personali.<\/div>\n<div> <\/div>\n<div class=\"col-lg-12\"><strong>Diritto alla rettifica dei dati inesatti<\/strong>\n<p>Ai sensi dell&#8217;Art.\n16 GDPR hai il diritto di correggere i dati personali inesatti elaborati dalla Societ\u00e0.\nHai inoltre l&#8217;obbligo di notificare le modifiche ai tuoi dati personali e di fornire la prova che tali modifiche sono avvenute.\nHai anche l&#8217;obbligo di collaborare con la Societ\u00e0 nel caso in cui si scopra che i dati personali che essa tratta su di te non sono accurati.\nEffettueremo la correzione senza ritardi ingiustificati, ma sempre tenendo conto delle possibilit\u00e0 tecniche.    <\/p>\n<p><strong>Diritto alla cancellazione<\/strong><\/p>\n<p>Ai sensi dell&#8217;Art.\n17 del GDPR, hai diritto alla cancellazione dei dati personali che ti riguardano, a meno che la Societ\u00e0 non dimostri di avere motivi legittimi per trattare tali dati personali.\nLa Societ\u00e0 dispone di meccanismi per garantire l&#8217;anonimizzazione o la cancellazione automatica dei dati personali quando questi non sono pi\u00f9 necessari per lo scopo per cui sono stati elaborati.  <\/p>\n<p><strong>Diritto alla limitazione del trattamento<\/strong><\/p>\n<p>Ai sensi dell&#8217;Art.\n18 del GDPR, l&#8217;interessato ha il diritto di limitare il trattamento fino alla risoluzione del reclamo se contesta l&#8217;esattezza dei dati personali, i motivi del trattamento o se si oppone al trattamento per iscritto presso la sede legale della Societ\u00e0. <\/p>\n<p><strong>Diritto alla notifica di rettifica, cancellazione o limitazione del trattamento<\/strong><\/p>\n<p>Ai sensi dell&#8217;Art.\n19 GDPR, l&#8217;interessato ha il diritto di essere informato dalla Societ\u00e0 in caso di rettifica, cancellazione o limitazione del trattamento dei dati personali.\nSe i dati personali vengono rettificati o cancellati, l&#8217;Azienda informer\u00e0 i singoli destinatari, tranne nel caso in cui ci\u00f2 risulti impossibile o richieda uno sforzo sproporzionato.  <\/p>\n<p><strong>Diritto alla portabilit\u00e0 dei dati personali<\/strong><\/p>\n<p>Ai sensi dell&#8217;Art.\n20 del GDPR, hai il diritto alla portabilit\u00e0 dei dati che ti riguardano e che ci hai fornito in qualit\u00e0 di responsabile del trattamento in un formato strutturato, di uso comune e leggibile da dispositivo automatico.\nHai inoltre il diritto di chiederci di trasferire tali dati a un altro titolare del trattamento.\nSe l&#8217;esercizio di questo diritto potrebbe ledere i diritti e le libert\u00e0 di terzi, la tua richiesta non potr\u00e0 essere accolta.   <\/p>\n<p><strong>Diritto di opporsi al trattamento dei dati personali<\/strong><\/p>\n<p>Ai sensi dell&#8217;Art.\n21 GDPR hai il diritto di opporti al trattamento dei tuoi dati personali da parte della Societ\u00e0.\nSe la Societ\u00e0 non dimostra l&#8217;esistenza di un motivo legittimo impellente per il trattamento che prevalga sugli interessi o sui diritti e le libert\u00e0 dell&#8217;interessato, la Societ\u00e0 porr\u00e0 fine al trattamento senza indebito ritardo sulla base dell&#8217;obiezione.  <\/p>\n<p><strong>Diritto di revocare il consenso al trattamento dei dati personali<\/strong><\/p>\n<p>Se hai dato alla Societ\u00e0 il consenso al trattamento dei tuoi dati personali, puoi revocarlo in qualsiasi momento.\nLa revoca deve essere effettuata mediante una manifestazione di volont\u00e0 espressa, intelligibile e specifica, per iscritto presso la sede legale della Societ\u00e0 o via e-mail all&#8217;indirizzo <a href=\"mailto:info@vivereamare.cz\">info@vivereamare.cz.<\/a> <\/p>\n<p><strong>Processo decisionale individuale automatizzato, compresa la profilazione<\/strong><\/p>\n<p>L&#8217;interessato ha il diritto di non essere sottoposto a decisioni basate esclusivamente sul trattamento automatizzato, compresa la profilazione, che producano effetti giuridici nei suoi confronti o che lo riguardino in modo analogo e significativo.\nL&#8217;azienda dichiara di non effettuare un processo decisionale automatizzato senza l&#8217;influenza di un giudizio umano con effetti legali sugli interessati. <\/p>\n<p><strong>Diritto di rivolgersi all&#8217;Ufficio per la protezione dei dati personali<\/strong><\/p>\n<p>Hai il diritto di presentare un reclamo relativo al nostro trattamento dei tuoi dati personali presso l&#8217;Ufficio per la protezione dei dati personali, Pplk.\nSochora 27, 170 00 Praga 7.\nSito web dell&#8217;Ufficio: <a href=\"https:\/\/www.uoou.cz\/\" target=\"_blank\" rel=\"noopener\">www.uoou.cz.<\/a>  <\/p>\n<\/div>\n<div class=\"col-lg-12\">\n<div class=\"section-header\">\n<p> <\/p>\n<p><strong>9. Sicurezza<\/strong><\/p>\n<\/div>\n<p>La Societ\u00e0 si impegna a proteggere i dati personali e le altre informazioni relative ai suoi clienti e agli utenti dei suoi servizi.\nA tal fine, utilizza una serie di tecnologie e misure di sicurezza volte a proteggere le informazioni da accessi, usi o divulgazioni non autorizzati.\nLe misure utilizzate sono progettate per fornire un livello di sicurezza adeguato al rischio di abuso delle informazioni personali.\nLa sicurezza delle informazioni personali dell&#8217;Azienda viene regolarmente verificata e la protezione viene continuamente migliorata.\nTuttavia, tieni presente che la sicurezza di Internet non pu\u00f2 essere garantita al 100%.\nTutti i dati personali in formato elettronico sono archiviati in database e sistemi a cui possono accedere solo coloro che hanno l&#8217;immediata necessit\u00e0 di trattare i dati personali per gli scopi indicati nella presente politica, e solo nella misura necessaria.     <\/p>\n<\/div>\n<div class=\"col-lg-12\">\n<div class=\"section-header\">\n<p> <\/p>\n<p><strong>10. Contatto<\/strong><\/p>\n<\/div>\n<p>Se hai domande sul trattamento dei dati personali o se desideri esercitare i tuoi diritti, contattaci all&#8217;indirizzo <a href=\"mailto:info@vivereamare.cz\">info@vivereamare.cz.<\/a><\/p>\n<p>Il titolare del trattamento dei tuoi dati personali \u00e8 il&#8217;Vivere s.r.o., con sede legale in Kurzova 2222\/16, Stod\u016flky, 155 00 Praga 5, ID No.: 21256314, iscritta al Registro delle Imprese tenuto dal Tribunale Municipale di Praga, numero di fascicolo C 398443.<\/p>\n<\/div>\n<div class=\"col-lg-12\">\n<div class=\"section-header\">\n<p> <\/p>\n<p><strong>11. Aggiornamento della Politica di trattamento dei dati personali<\/strong><\/p>\n<\/div>\n<p>Si prega di notare che la presente Informativa sul trattamento dei dati personali pu\u00f2 essere modificata o aggiornata in qualsiasi momento.<\/p>\n<p>Eventuali modifiche alla presente Informativa entreranno in vigore quando saranno pubblicate al seguente link: <a href=\"https:\/\/vivereamare.cz\/it\/informativa-sulla-privacy\/\">https:\/\/vivereamare.cz\/ochrana-osobnich-udaju\/.<\/a><\/p>\n<p>La presente Informativa sul Trattamento dei Dati Personali \u00e8 in vigore dal 1\u00b0 gennaio 2011.\n9.\n2024.  <\/p>\n<\/div>\t\t\t\t\t\t\t\t<\/div>\n\t\t\t\t<\/div>\n\t\t\t\t\t<\/div>\n\t\t\t\t<\/div>\n\t\t\t\t<\/div>\n\t\t","protected":false},"excerpt":{"rendered":"<p>Principi di trattamento dei dati personali 1. Disposizioni generali La presente Informativa sul trattamento dei dati personali (di seguito denominata&#8220;Informativa sul trattamento dei dati personali&#8220;) \u00e8 stata emessa da il&#8217;Vivere s.r.o., con sede legale in Kurzova 2222\/16, Stod\u016flky, 155 00 Praga 5, ID No.: 21256314, iscritta al Registro delle Imprese tenuto dal Tribunale Municipale di [&hellip;]<\/p>\n","protected":false},"author":1,"featured_media":0,"parent":0,"menu_order":0,"comment_status":"closed","ping_status":"closed","template":"","meta":{"footnotes":""},"class_list":["post-1274","page","type-page","status-publish","hentry"],"_links":{"self":[{"href":"https:\/\/vivereamare.cz\/it\/wp-json\/wp\/v2\/pages\/1274","targetHints":{"allow":["GET"]}}],"collection":[{"href":"https:\/\/vivereamare.cz\/it\/wp-json\/wp\/v2\/pages"}],"about":[{"href":"https:\/\/vivereamare.cz\/it\/wp-json\/wp\/v2\/types\/page"}],"author":[{"embeddable":true,"href":"https:\/\/vivereamare.cz\/it\/wp-json\/wp\/v2\/users\/1"}],"replies":[{"embeddable":true,"href":"https:\/\/vivereamare.cz\/it\/wp-json\/wp\/v2\/comments?post=1274"}],"version-history":[{"count":1,"href":"https:\/\/vivereamare.cz\/it\/wp-json\/wp\/v2\/pages\/1274\/revisions"}],"predecessor-version":[{"id":1275,"href":"https:\/\/vivereamare.cz\/it\/wp-json\/wp\/v2\/pages\/1274\/revisions\/1275"}],"wp:attachment":[{"href":"https:\/\/vivereamare.cz\/it\/wp-json\/wp\/v2\/media?parent=1274"}],"curies":[{"name":"wp","href":"https:\/\/api.w.org\/{rel}","templated":true}]}}