{"id":1524,"date":"2024-09-14T07:12:33","date_gmt":"2024-09-14T05:12:33","guid":{"rendered":"https:\/\/vivereamare.cz\/join-us\/"},"modified":"2024-09-14T18:29:08","modified_gmt":"2024-09-14T16:29:08","slug":"join-us","status":"publish","type":"page","link":"https:\/\/vivereamare.cz\/en\/join-us\/","title":{"rendered":"Join us"},"content":{"rendered":"\t\t<div data-elementor-type=\"wp-page\" data-elementor-id=\"1524\" class=\"elementor elementor-1524 elementor-1522\" data-elementor-post-type=\"page\">\n\t\t\t\t<div class=\"elementor-element elementor-element-ef003e8 e-flex e-con-boxed e-con e-parent\" data-id=\"ef003e8\" data-element_type=\"container\" data-e-type=\"container\">\n\t\t\t\t\t<div class=\"e-con-inner\">\n\t\t\t\t<div class=\"elementor-element elementor-element-26b232e elementor-widget elementor-widget-heading\" data-id=\"26b232e\" data-element_type=\"widget\" data-e-type=\"widget\" data-widget_type=\"heading.default\">\n\t\t\t\t<div class=\"elementor-widget-container\">\n\t\t\t\t\t<h2 class=\"elementor-heading-title elementor-size-default\">Join us<\/h2>\t\t\t\t<\/div>\n\t\t\t\t<\/div>\n\t\t\t\t<div class=\"elementor-element elementor-element-3ebcbff elementor-widget elementor-widget-text-editor\" data-id=\"3ebcbff\" data-element_type=\"widget\" data-e-type=\"widget\" data-widget_type=\"text-editor.default\">\n\t\t\t\t<div class=\"elementor-widget-container\">\n\t\t\t\t\t\t\t\t\t<p>Become part of our team and earn by promoting quality sportswear.<br \/>\nIf you have a website, blog, social media or any other online channel, join our <b>affiliate program<\/b> and earn commissions for every order you bring us! <\/p>\n\t\t\t\t\t\t\t\t<\/div>\n\t\t\t\t<\/div>\n\t\t\t\t<div class=\"elementor-element elementor-element-20305ee elementor-widget elementor-widget-shortcode\" data-id=\"20305ee\" data-element_type=\"widget\" data-e-type=\"widget\" data-widget_type=\"shortcode.default\">\n\t\t\t\t<div class=\"elementor-widget-container\">\n\t\t\t\t\t\t\t<div class=\"elementor-shortcode\"><div class=\"woocommerce\">\n\n\t\n\t<div class=\"u-columns col2-set ddwcaf-affiliate-login\" id=\"customer_login\">\n\n\t\t<div class=\"u-column1 col-1\">\n\n\t\t\t<h2>Login<\/h2>\n\n\t\t\t<form class=\"woocommerce-form woocommerce-form-login login\" method=\"post\">\n\n\t\t\t\t\n\t\t\t\t<p class=\"woocommerce-form-row woocommerce-form-row--wide form-row form-row-wide\">\n\t\t\t\t\t<label for=\"username\">Username or email address&nbsp;<span class=\"required\">*<\/span><\/label>\n\t\t\t\t\t<input type=\"text\" class=\"woocommerce-Input woocommerce-Input--text input-text\" name=\"username\" id=\"username\" autocomplete=\"username\" value=\"\" \/>\t\t\t\t<\/p>\n\t\t\t\t<p class=\"woocommerce-form-row woocommerce-form-row--wide form-row form-row-wide\">\n\t\t\t\t\t<label for=\"password\">Password&nbsp;<span class=\"required\">*<\/span><\/label>\n\t\t\t\t\t<input class=\"woocommerce-Input woocommerce-Input--text input-text\" type=\"password\" name=\"password\" id=\"password\" autocomplete=\"current-password\" \/>\n\t\t\t\t<\/p>\n\n\t\t\t\t\n\t\t\t\t<p class=\"form-row\">\n\t\t\t\t\t<label class=\"woocommerce-form__label woocommerce-form__label-for-checkbox woocommerce-form-login__rememberme\">\n\t\t\t\t\t\t<input class=\"woocommerce-form__input woocommerce-form__input-checkbox\" name=\"rememberme\" type=\"checkbox\" id=\"rememberme\" value=\"forever\" \/> <span>Remember me<\/span>\n\t\t\t\t\t<\/label>\n\t\t\t\t\t<input type=\"hidden\" id=\"woocommerce-login-nonce\" name=\"woocommerce-login-nonce\" value=\"7f78c4b13b\" \/><input type=\"hidden\" name=\"_wp_http_referer\" value=\"\/en\/wp-json\/wp\/v2\/pages\/1524\" \/>\t\t\t\t\t<button type=\"submit\" class=\"woocommerce-button button woocommerce-form-login__submit\" name=\"login\" value=\"Log in\">Log in<\/button>\n\t\t\t\t<\/p>\n\t\t\t\t<p class=\"woocommerce-LostPassword lost_password\">\n\t\t\t\t\t<a href=\"https:\/\/vivereamare.cz\/muj-ucet\/lost-password\/\">Lost your password?<\/a>\n\t\t\t\t<\/p>\n\n\t\t\t\t\n\t\t\t<\/form>\n\t\t<\/div>\n\n\t\t\n\t\t<div class=\"u-column2 col-2\">\n\n\t\t\t<h2>Register<\/h2>\n\n\t\t\t<form method=\"post\" class=\"woocommerce-form woocommerce-form-register register\"  >\n\n\t\t\t\t\n\t\t\t\t<p class=\"woocommerce-form-row woocommerce-form-row--wide form-row form-row-wide\">\n\t\t\t\t\t<label for=\"reg_email\">Email address&nbsp;<span class=\"required\">*<\/span><\/label>\n\t\t\t\t\t<input type=\"email\" class=\"woocommerce-Input woocommerce-Input--text input-text\" name=\"email\" id=\"reg_email\" autocomplete=\"email\" value=\"\" \/>\t\t\t\t<\/p>\n\n\t\t\t\t\n\t\t\t\t\t<p>A link to set a new password will be sent to your email address.<\/p>\n\n\t\t\t\t\n\t\t\t\t\t\t\t<input type=\"hidden\" name=\"_ddwcaf_user_role\" value=\"ddwcaf_affiliate\" \/>\n\t\t\t<p class=\"woocommerce-form-row woocommerce-form-row--wide form-row form-row-wide\"><label for=\"first_name\" class=\"\">Jm\u00e9no&nbsp;<abbr class=\"required\" title=\"required\">*<\/abbr><\/label><input type=\"text\" class=\"form-control woocommerce-Input woocommerce-Input--text input-text \" name=\"first_name\" id=\"first_name\" placeholder=\"\"  value=\"\"  \/><\/p><p class=\"woocommerce-form-row woocommerce-form-row--wide form-row form-row-wide\"><label for=\"last_name\" class=\"\">P\u0159\u00edjmen\u00ed&nbsp;<abbr class=\"required\" title=\"required\">*<\/abbr><\/label><input type=\"text\" class=\"form-control woocommerce-Input woocommerce-Input--text input-text \" name=\"last_name\" id=\"last_name\" placeholder=\"\"  value=\"\"  \/><\/p><p class=\"woocommerce-form-row woocommerce-form-row--wide form-row form-row-wide\"><label for=\"website\" class=\"\">WWW&nbsp;<abbr class=\"required\" title=\"required\">*<\/abbr><\/label><input type=\"text\" class=\"form-control woocommerce-Input woocommerce-Input--text input-text \" name=\"website\" id=\"website\" placeholder=\"\"  value=\"\"  \/><\/p><p class=\"woocommerce-form-row woocommerce-form-row--wide form-row form-row-wide\"><label for=\"how_promote\" class=\"\">Jak budete propagovat na\u0161e str\u00e1nky?&nbsp;<abbr class=\"required\" title=\"required\">*<\/abbr><\/label><select name=\"how_promote\" id=\"how_promote\" class=\"form-control woocommerce-Input woocommerce-Input--text input-text \"  data-placeholder=\"\">\n\t\t\t\t\t\t\t<option value=\"0\" >Website\/Blog<\/option><option value=\"1\" >Newsletter\/Email Marketing<\/option><option value=\"2\" >Social Media<\/option><option value=\"3\" >YouTube<\/option><option value=\"4\" >Others<\/option>\n\t\t\t\t\t\t<\/select><\/p><p class=\"woocommerce-form-row woocommerce-form-row--wide form-row form-row-wide\"><label for=\"about_yourself\" class=\"\">Tell us something about you<\/label><textarea name=\"about_yourself\" class=\"form-control woocommerce-Input woocommerce-Input--text input-text \" id=\"about_yourself\" placeholder=\"\"  rows=\"2\" cols=\"5\"><\/textarea><\/p><p class=\"woocommerce-form-row woocommerce-form-row--wide form-row form-row-wide\"><label class=\"checkbox \" ><input type=\"checkbox\" class=\"input-checkbox \" name=\"terms\" id=\"terms\" value=\"1\"  \/> Please read and accept our <a target=\"_blank\" href=\"#\">Terms and Conditions<\/a>&nbsp;<abbr class=\"required\" title=\"required\">*<\/abbr><\/label><\/p>\n\t\t\t\t<p class=\"woocommerce-form-row form-row\">\n\t\t\t\t\t<input type=\"hidden\" id=\"woocommerce-register-nonce\" name=\"woocommerce-register-nonce\" value=\"6e93aff5c9\" \/><input type=\"hidden\" name=\"_wp_http_referer\" value=\"\/en\/wp-json\/wp\/v2\/pages\/1524\" \/>\t\t\t\t\t<button type=\"submit\" class=\"woocommerce-Button woocommerce-button button woocommerce-form-register__submit\" name=\"register\" value=\"Register\">Register<\/button>\n\t\t\t\t<\/p>\n\t\t\t<\/form>\n\t\t<\/div>\n\t<\/div>\n<\/div>\n\t\t\t\t\t\t<\/div>\n\t\t\t\t<\/div>\n\t\t\t\t<div class=\"elementor-element elementor-element-2ee6580 elementor-widget elementor-widget-toggle\" data-id=\"2ee6580\" data-element_type=\"widget\" data-e-type=\"widget\" data-widget_type=\"toggle.default\">\n\t\t\t\t<div class=\"elementor-widget-container\">\n\t\t\t\t\t\t\t<div class=\"elementor-toggle\">\n\t\t\t\t\t\t\t<div class=\"elementor-toggle-item\">\n\t\t\t\t\t<div id=\"elementor-tab-title-4911\" class=\"elementor-tab-title\" data-tab=\"1\" role=\"button\" aria-controls=\"elementor-tab-content-4911\" aria-expanded=\"false\">\n\t\t\t\t\t\t\t\t\t\t\t\t<span class=\"elementor-toggle-icon elementor-toggle-icon-left\" aria-hidden=\"true\">\n\t\t\t\t\t\t\t\t\t\t\t\t\t\t\t<span class=\"elementor-toggle-icon-closed\"><svg class=\"e-font-icon-svg e-fas-caret-right\" viewBox=\"0 0 192 512\" xmlns=\"http:\/\/www.w3.org\/2000\/svg\"><path d=\"M0 384.662V127.338c0-17.818 21.543-26.741 34.142-14.142l128.662 128.662c7.81 7.81 7.81 20.474 0 28.284L34.142 398.804C21.543 411.404 0 402.48 0 384.662z\"><\/path><\/svg><\/span>\n\t\t\t\t\t\t\t\t<span class=\"elementor-toggle-icon-opened\"><svg class=\"elementor-toggle-icon-opened e-font-icon-svg e-fas-caret-up\" viewBox=\"0 0 320 512\" xmlns=\"http:\/\/www.w3.org\/2000\/svg\"><path d=\"M288.662 352H31.338c-17.818 0-26.741-21.543-14.142-34.142l128.662-128.662c7.81-7.81 20.474-7.81 28.284 0l128.662 128.662c12.6 12.599 3.676 34.142-14.142 34.142z\"><\/path><\/svg><\/span>\n\t\t\t\t\t\t\t\t\t\t\t\t\t<\/span>\n\t\t\t\t\t\t\t\t\t\t\t\t<a class=\"elementor-toggle-title\" tabindex=\"0\">Why become our partner?<\/a>\n\t\t\t\t\t<\/div>\n\n\t\t\t\t\t<div id=\"elementor-tab-content-4911\" class=\"elementor-tab-content elementor-clearfix\" data-tab=\"1\" role=\"region\" aria-labelledby=\"elementor-tab-title-4911\"><p>Attractive commissions &#8211; Earn up to X% of every completed order you bring in through your affiliate link.<\/p>\n<p>Quality Sportswear &#8211; We offer a wide selection of clothing for a variety of sports and outdoor activities that customers love.<\/p>\n<p>Easy to manage and track &#8211; With our advanced platform, you can easily track your results, views and commissions.<\/p>\n<p>Promotion and marketing materials &#8211; We&#8217;ll provide you with banners, product images and other promotional materials so you can easily start earning.<\/p>\n<\/div>\n\t\t\t\t<\/div>\n\t\t\t\t\t\t\t<div class=\"elementor-toggle-item\">\n\t\t\t\t\t<div id=\"elementor-tab-title-4912\" class=\"elementor-tab-title\" data-tab=\"2\" role=\"button\" aria-controls=\"elementor-tab-content-4912\" aria-expanded=\"false\">\n\t\t\t\t\t\t\t\t\t\t\t\t<span class=\"elementor-toggle-icon elementor-toggle-icon-left\" aria-hidden=\"true\">\n\t\t\t\t\t\t\t\t\t\t\t\t\t\t\t<span class=\"elementor-toggle-icon-closed\"><svg class=\"e-font-icon-svg e-fas-caret-right\" viewBox=\"0 0 192 512\" xmlns=\"http:\/\/www.w3.org\/2000\/svg\"><path d=\"M0 384.662V127.338c0-17.818 21.543-26.741 34.142-14.142l128.662 128.662c7.81 7.81 7.81 20.474 0 28.284L34.142 398.804C21.543 411.404 0 402.48 0 384.662z\"><\/path><\/svg><\/span>\n\t\t\t\t\t\t\t\t<span class=\"elementor-toggle-icon-opened\"><svg class=\"elementor-toggle-icon-opened e-font-icon-svg e-fas-caret-up\" viewBox=\"0 0 320 512\" xmlns=\"http:\/\/www.w3.org\/2000\/svg\"><path d=\"M288.662 352H31.338c-17.818 0-26.741-21.543-14.142-34.142l128.662-128.662c7.81-7.81 20.474-7.81 28.284 0l128.662 128.662c12.6 12.599 3.676 34.142-14.142 34.142z\"><\/path><\/svg><\/span>\n\t\t\t\t\t\t\t\t\t\t\t\t\t<\/span>\n\t\t\t\t\t\t\t\t\t\t\t\t<a class=\"elementor-toggle-title\" tabindex=\"0\">How does it work?<\/a>\n\t\t\t\t\t<\/div>\n\n\t\t\t\t\t<div id=\"elementor-tab-content-4912\" class=\"elementor-tab-content elementor-clearfix\" data-tab=\"2\" role=\"region\" aria-labelledby=\"elementor-tab-title-4912\"><p>1. Register for the program &#8211; Fill out the registration form below to gain access to your affiliate account.<\/p>\n<p>2. Share unique links &#8211; Once approved, you will receive your personal affiliate link to place on your website, blog or social media.<\/p>\n<p>3. Track results and make money &#8211; Earn commissions on every order a customer completes through your link.<\/p>\n<\/div>\n\t\t\t\t<\/div>\n\t\t\t\t\t\t\t<div class=\"elementor-toggle-item\">\n\t\t\t\t\t<div id=\"elementor-tab-title-4913\" class=\"elementor-tab-title\" data-tab=\"3\" role=\"button\" aria-controls=\"elementor-tab-content-4913\" aria-expanded=\"false\">\n\t\t\t\t\t\t\t\t\t\t\t\t<span class=\"elementor-toggle-icon elementor-toggle-icon-left\" aria-hidden=\"true\">\n\t\t\t\t\t\t\t\t\t\t\t\t\t\t\t<span class=\"elementor-toggle-icon-closed\"><svg class=\"e-font-icon-svg e-fas-caret-right\" viewBox=\"0 0 192 512\" xmlns=\"http:\/\/www.w3.org\/2000\/svg\"><path d=\"M0 384.662V127.338c0-17.818 21.543-26.741 34.142-14.142l128.662 128.662c7.81 7.81 7.81 20.474 0 28.284L34.142 398.804C21.543 411.404 0 402.48 0 384.662z\"><\/path><\/svg><\/span>\n\t\t\t\t\t\t\t\t<span class=\"elementor-toggle-icon-opened\"><svg class=\"elementor-toggle-icon-opened e-font-icon-svg e-fas-caret-up\" viewBox=\"0 0 320 512\" xmlns=\"http:\/\/www.w3.org\/2000\/svg\"><path d=\"M288.662 352H31.338c-17.818 0-26.741-21.543-14.142-34.142l128.662-128.662c7.81-7.81 20.474-7.81 28.284 0l128.662 128.662c12.6 12.599 3.676 34.142-14.142 34.142z\"><\/path><\/svg><\/span>\n\t\t\t\t\t\t\t\t\t\t\t\t\t<\/span>\n\t\t\t\t\t\t\t\t\t\t\t\t<a class=\"elementor-toggle-title\" tabindex=\"0\">How to register?<\/a>\n\t\t\t\t\t<\/div>\n\n\t\t\t\t\t<div id=\"elementor-tab-content-4913\" class=\"elementor-tab-content elementor-clearfix\" data-tab=\"3\" role=\"region\" aria-labelledby=\"elementor-tab-title-4913\"><p>1. Complete the simple <b>registration form<\/b> below.<\/p>\n<p>2. Upon approval, you will receive an email with further information and access to your affiliate account.<\/p>\n<\/div>\n\t\t\t\t<\/div>\n\t\t\t\t\t\t\t<div class=\"elementor-toggle-item\">\n\t\t\t\t\t<div id=\"elementor-tab-title-4914\" class=\"elementor-tab-title\" data-tab=\"4\" role=\"button\" aria-controls=\"elementor-tab-content-4914\" aria-expanded=\"false\">\n\t\t\t\t\t\t\t\t\t\t\t\t<span class=\"elementor-toggle-icon elementor-toggle-icon-left\" aria-hidden=\"true\">\n\t\t\t\t\t\t\t\t\t\t\t\t\t\t\t<span class=\"elementor-toggle-icon-closed\"><svg class=\"e-font-icon-svg e-fas-caret-right\" viewBox=\"0 0 192 512\" xmlns=\"http:\/\/www.w3.org\/2000\/svg\"><path d=\"M0 384.662V127.338c0-17.818 21.543-26.741 34.142-14.142l128.662 128.662c7.81 7.81 7.81 20.474 0 28.284L34.142 398.804C21.543 411.404 0 402.48 0 384.662z\"><\/path><\/svg><\/span>\n\t\t\t\t\t\t\t\t<span class=\"elementor-toggle-icon-opened\"><svg class=\"elementor-toggle-icon-opened e-font-icon-svg e-fas-caret-up\" viewBox=\"0 0 320 512\" xmlns=\"http:\/\/www.w3.org\/2000\/svg\"><path d=\"M288.662 352H31.338c-17.818 0-26.741-21.543-14.142-34.142l128.662-128.662c7.81-7.81 20.474-7.81 28.284 0l128.662 128.662c12.6 12.599 3.676 34.142-14.142 34.142z\"><\/path><\/svg><\/span>\n\t\t\t\t\t\t\t\t\t\t\t\t\t<\/span>\n\t\t\t\t\t\t\t\t\t\t\t\t<a class=\"elementor-toggle-title\" tabindex=\"0\">Frequently Asked Questions (FAQ)<\/a>\n\t\t\t\t\t<\/div>\n\n\t\t\t\t\t<div id=\"elementor-tab-content-4914\" class=\"elementor-tab-content elementor-clearfix\" data-tab=\"4\" role=\"region\" aria-labelledby=\"elementor-tab-title-4914\"><p><b>How can I track my results?<\/b><\/p>\n<p>After registration, you will get access to a clear dashboard where you will see statistics on clicks, conversions and your commission.<\/p>\n<p><b>How high is the commission?<\/b><\/p>\n<p>We offer a commission of up to X% of each order placed.<br \/>\nPlease refer to your account for details after approval. <\/p>\n<p><b>How is the payout done?<\/b><\/p>\n<p>Commissions are paid monthly to your bank account or PayPal once you reach the minimum payout limit of X CZK\/\u20ac.<\/p>\n<p>These texts are designed to be clear, informative and motivating.<br \/>\nYou can customize them according to the specific terms of your affiliate program, such as commission amounts, payout methods and other details. <\/p>\n<\/div>\n\t\t\t\t<\/div>\n\t\t\t\t\t\t\t\t\t\t<script type=\"application\/ld+json\">{\"@context\":\"https:\\\/\\\/schema.org\",\"@type\":\"FAQPage\",\"mainEntity\":[{\"@type\":\"Question\",\"name\":\"Why become our partner?\",\"acceptedAnswer\":{\"@type\":\"Answer\",\"text\":\"<p>Attractive commissions &#8211; Earn up to X% of every completed order you bring in through your affiliate link.<\\\/p>\\n<p>Quality Sportswear &#8211; We offer a wide selection of clothing for a variety of sports and outdoor activities that customers love.<\\\/p>\\n<p>Easy to manage and track &#8211; With our advanced platform, you can easily track your results, views and commissions.<\\\/p>\\n<p>Promotion and marketing materials &#8211; We&#8217;ll provide you with banners, product images and other promotional materials so you can easily start earning.<\\\/p>\\n\"}},{\"@type\":\"Question\",\"name\":\"How does it work?\",\"acceptedAnswer\":{\"@type\":\"Answer\",\"text\":\"<p>1. Register for the program &#8211; Fill out the registration form below to gain access to your affiliate account.<\\\/p>\\n<p>2. Share unique links &#8211; Once approved, you will receive your personal affiliate link to place on your website, blog or social media.<\\\/p>\\n<p>3. Track results and make money &#8211; Earn commissions on every order a customer completes through your link.<\\\/p>\\n\"}},{\"@type\":\"Question\",\"name\":\"How to register?\",\"acceptedAnswer\":{\"@type\":\"Answer\",\"text\":\"<p>1. Complete the simple <b>registration form<\\\/b> below.<\\\/p>\\n<p>2. Upon approval, you will receive an email with further information and access to your affiliate account.<\\\/p>\\n\"}},{\"@type\":\"Question\",\"name\":\"Frequently Asked Questions (FAQ)\",\"acceptedAnswer\":{\"@type\":\"Answer\",\"text\":\"<p><b>How can I track my results?<\\\/b><\\\/p>\\n<p>After registration, you will get access to a clear dashboard where you will see statistics on clicks, conversions and your commission.<\\\/p>\\n<p><b>How high is the commission?<\\\/b><\\\/p>\\n<p>We offer a commission of up to X% of each order placed.<br \\\/>\\nPlease refer to your account for details after approval. <\\\/p>\\n<p><b>How is the payout done?<\\\/b><\\\/p>\\n<p>Commissions are paid monthly to your bank account or PayPal once you reach the minimum payout limit of X CZK\\\/\\u20ac.<\\\/p>\\n<p>These texts are designed to be clear, informative and motivating.<br \\\/>\\nYou can customize them according to the specific terms of your affiliate program, such as commission amounts, payout methods and other details. <\\\/p>\\n\"}}]}<\/script>\n\t\t\t\t\t<\/div>\n\t\t\t\t\t\t<\/div>\n\t\t\t\t<\/div>\n\t\t\t\t\t<\/div>\n\t\t\t\t<\/div>\n\t\t\t\t<\/div>\n\t\t","protected":false},"excerpt":{"rendered":"<p>Become part of our team and earn by promoting quality sportswear. If you have a website, blog, social media or any other online channel, join our affiliate program and earn commissions for every order you bring us! Why become our partner? Attractive commissions &#8211; Earn up to X% of every completed order you bring in [&hellip;]<\/p>\n","protected":false},"author":2,"featured_media":0,"parent":0,"menu_order":0,"comment_status":"closed","ping_status":"closed","template":"","meta":{"footnotes":""},"class_list":["post-1524","page","type-page","status-publish","hentry"],"_links":{"self":[{"href":"https:\/\/vivereamare.cz\/en\/wp-json\/wp\/v2\/pages\/1524","targetHints":{"allow":["GET"]}}],"collection":[{"href":"https:\/\/vivereamare.cz\/en\/wp-json\/wp\/v2\/pages"}],"about":[{"href":"https:\/\/vivereamare.cz\/en\/wp-json\/wp\/v2\/types\/page"}],"author":[{"embeddable":true,"href":"https:\/\/vivereamare.cz\/en\/wp-json\/wp\/v2\/users\/2"}],"replies":[{"embeddable":true,"href":"https:\/\/vivereamare.cz\/en\/wp-json\/wp\/v2\/comments?post=1524"}],"version-history":[{"count":9,"href":"https:\/\/vivereamare.cz\/en\/wp-json\/wp\/v2\/pages\/1524\/revisions"}],"predecessor-version":[{"id":1637,"href":"https:\/\/vivereamare.cz\/en\/wp-json\/wp\/v2\/pages\/1524\/revisions\/1637"}],"wp:attachment":[{"href":"https:\/\/vivereamare.cz\/en\/wp-json\/wp\/v2\/media?parent=1524"}],"curies":[{"name":"wp","href":"https:\/\/api.w.org\/{rel}","templated":true}]}}